{"id":5573,"date":"2025-02-17T14:17:04","date_gmt":"2025-02-17T13:17:04","guid":{"rendered":"https:\/\/worklifeco.com\/?page_id=5573"},"modified":"2025-03-03T18:48:48","modified_gmt":"2025-03-03T17:48:48","slug":"book-vois","status":"publish","type":"page","link":"https:\/\/worklifeco.com\/en\/book-vois\/","title":{"rendered":"Booking &#8211; VOIS"},"content":{"rendered":"\t\t<div data-elementor-type=\"wp-page\" data-elementor-id=\"5573\" class=\"elementor elementor-5573\">\n\t\t\t\t\t\t<section class=\"elementor-section elementor-top-section elementor-element elementor-element-ac7befb elementor-section-stretched elementor-section-boxed elementor-section-height-default elementor-section-height-default\" data-id=\"ac7befb\" data-element_type=\"section\" data-e-type=\"section\" data-settings=\"{&quot;stretch_section&quot;:&quot;section-stretched&quot;,&quot;background_background&quot;:&quot;slideshow&quot;,&quot;background_slideshow_gallery&quot;:[{&quot;id&quot;:3708,&quot;url&quot;:&quot;https:\\\/\\\/essentials.pixfort.com\\\/seo-elementor\\\/wp-content\\\/uploads\\\/sites\\\/43\\\/2020\\\/11\\\/pattern-people-white.png&quot;}],&quot;background_slideshow_loop&quot;:&quot;yes&quot;,&quot;background_slideshow_slide_duration&quot;:5000,&quot;background_slideshow_slide_transition&quot;:&quot;fade&quot;,&quot;background_slideshow_transition_duration&quot;:500}\">\n\t\t\t\t\t\t\t<div class=\"elementor-background-overlay\"><\/div>\n\t\t\t\t\t\t\t<div class=\"elementor-container elementor-column-gap-default\">\n\t\t\t\t\t<div class=\"elementor-column elementor-col-100 elementor-top-column elementor-element elementor-element-1219c23\" data-id=\"1219c23\" data-element_type=\"column\" data-e-type=\"column\">\n\t\t\t<div class=\"elementor-widget-wrap elementor-element-populated\">\n\t\t\t\t\t\t<div class=\"elementor-element elementor-element-18638c2 elementor-widget elementor-widget-image\" data-id=\"18638c2\" data-element_type=\"widget\" data-e-type=\"widget\" data-widget_type=\"image.default\">\n\t\t\t\t<div class=\"elementor-widget-container\">\n\t\t\t\t\t\t\t\t\t\t\t\t\t\t\t<img decoding=\"async\" width=\"300\" height=\"150\" src=\"https:\/\/worklifeco.com\/wp-content\/uploads\/worklife-vois-logo-01.png\" class=\"attachment-medium size-medium wp-image-5576\" alt=\"\" srcset=\"https:\/\/worklifeco.com\/wp-content\/uploads\/worklife-vois-logo-01.png 300w, https:\/\/worklifeco.com\/wp-content\/uploads\/worklife-vois-logo-01-18x9.png 18w\" sizes=\"(max-width: 300px) 100vw, 300px\" \/>\t\t\t\t\t\t\t\t\t\t\t\t\t\t\t<\/div>\n\t\t\t\t<\/div>\n\t\t\t\t<div class=\"elementor-element elementor-element-2c54934 elementor-widget__width-initial elementor-widget elementor-widget-shortcode\" data-id=\"2c54934\" data-element_type=\"widget\" data-e-type=\"widget\" data-widget_type=\"shortcode.default\">\n\t\t\t\t<div class=\"elementor-widget-container\">\n\t\t\t\t\t\t\t<div class=\"elementor-shortcode\"><div class=\"trp_language_switcher_shortcode\">\n<div class=\"trp-language-switcher trp-language-switcher-container\" data-no-translation >\n    <div class=\"trp-ls-shortcode-current-language\">\n        <a href=\"#\" class=\"trp-ls-shortcode-disabled-language trp-ls-disabled-language\" title=\"Magyar\" onclick=\"event.preventDefault()\">\n\t\t\t<img decoding=\"async\" class=\"trp-flag-image\" src=\"https:\/\/worklifeco.com\/wp-content\/plugins\/translatepress-multilingual\/assets\/images\/flags\/hu_HU.png\" width=\"18\" height=\"12\" alt=\"hu_HU\" title=\"Magyar\"> Magyar\t\t<\/a>\n    <\/div>\n    <div class=\"trp-ls-shortcode-language\">\n                    <a href=\"https:\/\/worklifeco.com\/en\/wp-json\/wp\/v2\/pages\/5573#TRPLINKPROCESSED\" title=\"Magyar\">\n            <img decoding=\"async\" class=\"trp-flag-image\" src=\"https:\/\/worklifeco.com\/wp-content\/plugins\/translatepress-multilingual\/assets\/images\/flags\/hu_HU.png\" width=\"18\" height=\"12\" alt=\"hu_HU\" title=\"Magyar\"> Magyar        <\/a>\n\n        <\/div>\n    <script type=\"application\/javascript\">\n        \/\/ need to have the same with set from JS on both divs. Otherwise it can push stuff around in HTML\n        var trp_ls_shortcodes = document.querySelectorAll('.trp_language_switcher_shortcode .trp-language-switcher');\n        if ( trp_ls_shortcodes.length > 0) {\n            \/\/ get the last language switcher added\n            var trp_el = trp_ls_shortcodes[trp_ls_shortcodes.length - 1];\n\n            var trp_shortcode_language_item = trp_el.querySelector( '.trp-ls-shortcode-language' )\n            \/\/ set width\n            var trp_ls_shortcode_width                                               = trp_shortcode_language_item.offsetWidth + 16;\n            trp_shortcode_language_item.style.width                                  = trp_ls_shortcode_width + 'px';\n            trp_el.querySelector( '.trp-ls-shortcode-current-language' ).style.width = trp_ls_shortcode_width + 'px';\n\n            \/\/ We're putting this on display: none after we have its width.\n            trp_shortcode_language_item.style.display = 'none';\n        }\n    <\/script>\n<\/div>\n<\/div><\/div>\n\t\t\t\t\t\t<\/div>\n\t\t\t\t<\/div>\n\t\t\t\t<div class=\"elementor-element elementor-element-3581d01 elementor-widget elementor-widget-pix-highlighted-text\" data-id=\"3581d01\" data-element_type=\"widget\" data-e-type=\"widget\" data-no-translation=\"\" data-widget_type=\"pix-highlighted-text.default\">\n\t\t\t\t<div class=\"elementor-widget-container\">\n\t\t\t\t\t<style>.elementor-element-3581d01{display:none !important}<\/style>\t\t\t\t<\/div>\n\t\t\t\t<\/div>\n\t\t\t\t<div class=\"elementor-element elementor-element-08aa51c elementor-widget elementor-widget-pix-highlighted-text\" data-id=\"08aa51c\" data-element_type=\"widget\" data-e-type=\"widget\" data-no-translation=\"\" data-widget_type=\"pix-highlighted-text.default\">\n\t\t\t\t<div class=\"elementor-widget-container\">\n\t\t\t\t\t<div id=\"highlighted-text-50825279\" class=\"pix-highlighted-element text-center \"><div class=\"d-inline-block\" style=\"max-width:650px;\"><h2 class=\"pix-highlighted-items \" style=\"\" data-anim-type=\"\" data-anim-delay=\"\"><span id=\"highlighted-text-50825279-0\" class=\" elementor-repeater-item-9f29d55\"><span class=\"pix-highlighted-text pix-highlight-item font-weight-normal  body-font text-heading-default\">Appointment booking with <\/span><\/span><span id=\"highlighted-text-50825279-1\" class=\"pix-highlight-bg align-middle2   elementor-repeater-item-a5982a0 animate-in\" data-anim-type=\"highlight-grow\" data-anim-delay=\"200\"><span class=\"pix-highlighted-text  pix-highlight-item font-weight-normal  font-weight-bold heading-font text-heading-default\">instant<\/span><\/span><span id=\"highlighted-text-50825279-2\" class=\" elementor-repeater-item-bacca92\"><span class=\"pix-highlighted-text pix-highlight-item font-weight-normal  body-font text-heading-default\"> confirmation.<\/span><\/span><\/h2><\/div><\/div>\t\t\t\t<\/div>\n\t\t\t\t<\/div>\n\t\t\t\t<div class=\"elementor-element elementor-element-a35108b elementor-invisible elementor-widget elementor-widget-pix-text\" data-id=\"a35108b\" data-element_type=\"widget\" data-e-type=\"widget\" data-no-translation=\"\" data-widget_type=\"pix-text.default\">\n\t\t\t\t<div class=\"elementor-widget-container\">\n\t\t\t\t\t<style>.elementor-element-a35108b{display:none !important}<\/style>\t\t\t\t<\/div>\n\t\t\t\t<\/div>\n\t\t\t\t<div class=\"elementor-element elementor-element-46cbe97 elementor-invisible elementor-widget elementor-widget-pix-text\" data-id=\"46cbe97\" data-element_type=\"widget\" data-e-type=\"widget\" data-no-translation=\"\" data-widget_type=\"pix-text.default\">\n\t\t\t\t<div class=\"elementor-widget-container\">\n\t\t\t\t\t<div class=\"pix-el-text w-100 text-center \" ><div class=\"d-inline-block\" style=\"max-width:500px;\"><p class=\"text-18 resp-option text-body-default text-center \" ><span class=\"text-body-default animate-in d-inline-block\" data-anim-delay=\"200\" data-anim-type=\"fade-in-up\">Quick and easy appointment scheduling for colleagues of VOIS Budapest.<\/span><\/p><\/div><\/div>\t\t\t\t<\/div>\n\t\t\t\t<\/div>\n\t\t\t\t<div class=\"elementor-element elementor-element-a13ca70 elementor-widget elementor-widget-text-editor\" data-id=\"a13ca70\" data-element_type=\"widget\" data-e-type=\"widget\" data-widget_type=\"text-editor.default\">\n\t\t\t\t<div class=\"elementor-widget-container\">\n\t\t\t\t\t\t\t\t\t<p><strong>\n<script>\n  if (typeof hasAmeliaEntitiesApiCall === 'undefined' && ('' === '' && '' !== '1')) {\n    var hasAmeliaEntitiesApiCall = true;\n  }\n  var ameliaShortcodeData = (typeof ameliaShortcodeData === 'undefined') ? [] : ameliaShortcodeData;\n  ameliaShortcodeData.push(\n    {\n      'hasApiCall': (typeof hasAmeliaEntitiesApiCall !== 'undefined') && hasAmeliaEntitiesApiCall,\n      'trigger': '',\n      'trigger_type': '',\n      'triggered_form': 'sbsNew',\n      'in_dialog': '',\n      'show': '',\n      'counter': '1000',\n      'category': '14',\n      'service': '',\n      'employee': '',\n      'location': '',\n      'package': '',\n      'layout': '',\n    }\n  );\n\n  var ameliaShortcodeDataTriggered = (typeof ameliaShortcodeDataTriggered === 'undefined') ? [] : ameliaShortcodeDataTriggered;\n  if (ameliaShortcodeData[ameliaShortcodeData.length - 1].trigger !== '') {\n    if (ameliaShortcodeDataTriggered.filter(a => a.counter === ameliaShortcodeData[ameliaShortcodeData.length - 1].counter).length === 0) {\n      ameliaShortcodeDataTriggered.push(ameliaShortcodeData.pop());\n    } else {\n      ameliaShortcodeData.pop()\n    }\n  }\n  if (typeof hasAmeliaEntitiesApiCall !== 'undefined' && hasAmeliaEntitiesApiCall) {\n    hasAmeliaEntitiesApiCall = false;\n  }\n<\/script>\n\n<div\n  id=\"amelia-v2-booking-1000\"\n  class=\"amelia-v2-booking\"\n >\n    <step-form-wrapper><\/step-form-wrapper><\/div>\n<\/strong><\/p>\t\t\t\t\t\t\t\t<\/div>\n\t\t\t\t<\/div>\n\t\t\t\t\t<\/div>\n\t\t<\/div>\n\t\t\t\t\t<\/div>\n\t\t<\/section>\n\t\t\t\t<section class=\"elementor-section elementor-top-section elementor-element elementor-element-8199c10 elementor-section-stretched elementor-section-boxed elementor-section-height-default elementor-section-height-default\" data-id=\"8199c10\" data-element_type=\"section\" data-e-type=\"section\" data-settings=\"{&quot;stretch_section&quot;:&quot;section-stretched&quot;,&quot;background_background&quot;:&quot;slideshow&quot;,&quot;background_slideshow_gallery&quot;:[{&quot;id&quot;:3708,&quot;url&quot;:&quot;https:\\\/\\\/essentials.pixfort.com\\\/seo-elementor\\\/wp-content\\\/uploads\\\/sites\\\/43\\\/2020\\\/11\\\/pattern-people-white.png&quot;}],&quot;background_slideshow_loop&quot;:&quot;yes&quot;,&quot;background_slideshow_slide_duration&quot;:5000,&quot;background_slideshow_slide_transition&quot;:&quot;fade&quot;,&quot;background_slideshow_transition_duration&quot;:500}\">\n\t\t\t\t\t\t\t<div class=\"elementor-background-overlay\"><\/div>\n\t\t\t\t\t\t\t<div class=\"elementor-container elementor-column-gap-default\">\n\t\t\t\t\t<div class=\"elementor-column elementor-col-100 elementor-top-column elementor-element elementor-element-3765644\" data-id=\"3765644\" data-element_type=\"column\" data-e-type=\"column\">\n\t\t\t<div class=\"elementor-widget-wrap elementor-element-populated\">\n\t\t\t\t\t\t<div class=\"elementor-element elementor-element-b064504 elementor-widget elementor-widget-text-editor\" data-id=\"b064504\" data-element_type=\"widget\" data-e-type=\"widget\" data-widget_type=\"text-editor.default\">\n\t\t\t\t<div class=\"elementor-widget-container\">\n\t\t\t\t\t\t\t\t\t<p>\u00a9 2024 Worklifeapp Zrt. | <a href=\"https:\/\/worklifeco.com\/adatvedelem\/\">Adatv\u00e9delmi nyilatkozat<\/a><\/p>\t\t\t\t\t\t\t\t<\/div>\n\t\t\t\t<\/div>\n\t\t\t\t\t<\/div>\n\t\t<\/div>\n\t\t\t\t\t<\/div>\n\t\t<\/section>\n\t\t\t\t<\/div>\n\t\t","protected":false},"excerpt":{"rendered":"<p>Id\u0151pontfoglal\u00e1s azonnali visszaigazol\u00e1ssal. Gyors \u00e9s egyszer\u0171 id\u0151pontfoglal\u00e1s azonnali visszajelz\u00e9ssel a VOIS Budapest munkat\u00e1rsai sz\u00e1m\u00e1ra. \u00a9 2024 Worklifeapp Zrt. | Adatv\u00e9delmi nyilatkozat<\/p>","protected":false},"author":1,"featured_media":0,"parent":0,"menu_order":0,"comment_status":"closed","ping_status":"closed","template":"","meta":{"footnotes":""},"class_list":["post-5573","page","type-page","status-publish","hentry"],"yoast_head":"<!-- This site is optimized with the Yoast SEO plugin v27.5 - https:\/\/yoast.com\/product\/yoast-seo-wordpress\/ -->\n<title>Booking - VOIS - WorkLife - Dolgoz\u00f3i wellbeing<\/title>\n<meta name=\"robots\" content=\"index, follow, max-snippet:-1, max-image-preview:large, max-video-preview:-1\" \/>\n<link rel=\"canonical\" href=\"https:\/\/worklifeco.com\/en\/book-vois\/\" \/>\n<meta property=\"og:locale\" content=\"en_GB\" \/>\n<meta property=\"og:type\" content=\"article\" \/>\n<meta property=\"og:title\" content=\"Booking - VOIS - WorkLife - Dolgoz\u00f3i wellbeing\" \/>\n<meta property=\"og:description\" content=\"Id\u0151pontfoglal\u00e1s azonnali visszaigazol\u00e1ssal. Gyors \u00e9s egyszer\u0171 id\u0151pontfoglal\u00e1s azonnali visszajelz\u00e9ssel a VOIS Budapest munkat\u00e1rsai sz\u00e1m\u00e1ra. \u00a9 2024 Worklifeapp Zrt. | Adatv\u00e9delmi nyilatkozat\" \/>\n<meta property=\"og:url\" content=\"https:\/\/worklifeco.com\/en\/book-vois\/\" \/>\n<meta property=\"og:site_name\" content=\"WorkLife - Dolgoz\u00f3i wellbeing\" \/>\n<meta property=\"article:modified_time\" content=\"2025-03-03T17:48:48+00:00\" \/>\n<meta property=\"og:image\" content=\"https:\/\/worklifeco.com\/wp-content\/uploads\/worklife-vois-logo-01.png\" \/>\n\t<meta property=\"og:image:width\" content=\"300\" \/>\n\t<meta property=\"og:image:height\" content=\"150\" \/>\n\t<meta property=\"og:image:type\" content=\"image\/png\" \/>\n<meta name=\"twitter:card\" content=\"summary_large_image\" \/>\n<meta name=\"twitter:label1\" content=\"Estimated reading time\" \/>\n\t<meta name=\"twitter:data1\" content=\"1 minute\" \/>\n<script type=\"application\/ld+json\" class=\"yoast-schema-graph\">{\"@context\":\"https:\\\/\\\/schema.org\",\"@graph\":[{\"@type\":\"WebPage\",\"@id\":\"https:\\\/\\\/worklifeco.com\\\/book-vois\\\/\",\"url\":\"https:\\\/\\\/worklifeco.com\\\/book-vois\\\/\",\"name\":\"Booking - VOIS - WorkLife - Dolgoz\u00f3i wellbeing\",\"isPartOf\":{\"@id\":\"https:\\\/\\\/worklifeco.com\\\/#website\"},\"primaryImageOfPage\":{\"@id\":\"https:\\\/\\\/worklifeco.com\\\/book-vois\\\/#primaryimage\"},\"image\":{\"@id\":\"https:\\\/\\\/worklifeco.com\\\/book-vois\\\/#primaryimage\"},\"thumbnailUrl\":\"https:\\\/\\\/worklifeco.com\\\/wp-content\\\/uploads\\\/worklife-vois-logo-01.png\",\"datePublished\":\"2025-02-17T13:17:04+00:00\",\"dateModified\":\"2025-03-03T17:48:48+00:00\",\"breadcrumb\":{\"@id\":\"https:\\\/\\\/worklifeco.com\\\/book-vois\\\/#breadcrumb\"},\"inLanguage\":\"en-GB\",\"potentialAction\":[{\"@type\":\"ReadAction\",\"target\":[\"https:\\\/\\\/worklifeco.com\\\/book-vois\\\/\"]}]},{\"@type\":\"ImageObject\",\"inLanguage\":\"en-GB\",\"@id\":\"https:\\\/\\\/worklifeco.com\\\/book-vois\\\/#primaryimage\",\"url\":\"https:\\\/\\\/worklifeco.com\\\/wp-content\\\/uploads\\\/worklife-vois-logo-01.png\",\"contentUrl\":\"https:\\\/\\\/worklifeco.com\\\/wp-content\\\/uploads\\\/worklife-vois-logo-01.png\"},{\"@type\":\"BreadcrumbList\",\"@id\":\"https:\\\/\\\/worklifeco.com\\\/book-vois\\\/#breadcrumb\",\"itemListElement\":[{\"@type\":\"ListItem\",\"position\":1,\"name\":\"Kezd\u0151lap\",\"item\":\"https:\\\/\\\/worklifeco.com\\\/\"},{\"@type\":\"ListItem\",\"position\":2,\"name\":\"Booking &#8211; VOIS\"}]},{\"@type\":\"WebSite\",\"@id\":\"https:\\\/\\\/worklifeco.com\\\/#website\",\"url\":\"https:\\\/\\\/worklifeco.com\\\/\",\"name\":\"WorkLife - Dolgoz\u00f3i wellbeing\",\"description\":\"\",\"publisher\":{\"@id\":\"https:\\\/\\\/worklifeco.com\\\/#organization\"},\"potentialAction\":[{\"@type\":\"SearchAction\",\"target\":{\"@type\":\"EntryPoint\",\"urlTemplate\":\"https:\\\/\\\/worklifeco.com\\\/?s={search_term_string}\"},\"query-input\":{\"@type\":\"PropertyValueSpecification\",\"valueRequired\":true,\"valueName\":\"search_term_string\"}}],\"inLanguage\":\"en-GB\"},{\"@type\":\"Organization\",\"@id\":\"https:\\\/\\\/worklifeco.com\\\/#organization\",\"name\":\"WorkLife\",\"url\":\"https:\\\/\\\/worklifeco.com\\\/\",\"logo\":{\"@type\":\"ImageObject\",\"inLanguage\":\"en-GB\",\"@id\":\"https:\\\/\\\/worklifeco.com\\\/#\\\/schema\\\/logo\\\/image\\\/\",\"url\":\"https:\\\/\\\/worklifeco.com\\\/wp-content\\\/uploads\\\/worklife-logo-02.png\",\"contentUrl\":\"https:\\\/\\\/worklifeco.com\\\/wp-content\\\/uploads\\\/worklife-logo-02.png\",\"width\":461,\"height\":110,\"caption\":\"WorkLife\"},\"image\":{\"@id\":\"https:\\\/\\\/worklifeco.com\\\/#\\\/schema\\\/logo\\\/image\\\/\"}}]}<\/script>\n<!-- \/ Yoast SEO plugin. -->","yoast_head_json":{"title":"Booking - VOIS - WorkLife - Dolgoz\u00f3i wellbeing","robots":{"index":"index","follow":"follow","max-snippet":"max-snippet:-1","max-image-preview":"max-image-preview:large","max-video-preview":"max-video-preview:-1"},"canonical":"https:\/\/worklifeco.com\/en\/book-vois\/","og_locale":"en_GB","og_type":"article","og_title":"Booking - VOIS - WorkLife - Dolgoz\u00f3i wellbeing","og_description":"Id\u0151pontfoglal\u00e1s azonnali visszaigazol\u00e1ssal. Gyors \u00e9s egyszer\u0171 id\u0151pontfoglal\u00e1s azonnali visszajelz\u00e9ssel a VOIS Budapest munkat\u00e1rsai sz\u00e1m\u00e1ra. \u00a9 2024 Worklifeapp Zrt. | Adatv\u00e9delmi nyilatkozat","og_url":"https:\/\/worklifeco.com\/en\/book-vois\/","og_site_name":"WorkLife - Dolgoz\u00f3i wellbeing","article_modified_time":"2025-03-03T17:48:48+00:00","og_image":[{"width":300,"height":150,"url":"https:\/\/worklifeco.com\/wp-content\/uploads\/worklife-vois-logo-01.png","type":"image\/png"}],"twitter_card":"summary_large_image","twitter_misc":{"Estimated reading time":"1 minute"},"schema":{"@context":"https:\/\/schema.org","@graph":[{"@type":"WebPage","@id":"https:\/\/worklifeco.com\/book-vois\/","url":"https:\/\/worklifeco.com\/book-vois\/","name":"Booking - VOIS - WorkLife - Dolgoz\u00f3i wellbeing","isPartOf":{"@id":"https:\/\/worklifeco.com\/#website"},"primaryImageOfPage":{"@id":"https:\/\/worklifeco.com\/book-vois\/#primaryimage"},"image":{"@id":"https:\/\/worklifeco.com\/book-vois\/#primaryimage"},"thumbnailUrl":"https:\/\/worklifeco.com\/wp-content\/uploads\/worklife-vois-logo-01.png","datePublished":"2025-02-17T13:17:04+00:00","dateModified":"2025-03-03T17:48:48+00:00","breadcrumb":{"@id":"https:\/\/worklifeco.com\/book-vois\/#breadcrumb"},"inLanguage":"en-GB","potentialAction":[{"@type":"ReadAction","target":["https:\/\/worklifeco.com\/book-vois\/"]}]},{"@type":"ImageObject","inLanguage":"en-GB","@id":"https:\/\/worklifeco.com\/book-vois\/#primaryimage","url":"https:\/\/worklifeco.com\/wp-content\/uploads\/worklife-vois-logo-01.png","contentUrl":"https:\/\/worklifeco.com\/wp-content\/uploads\/worklife-vois-logo-01.png"},{"@type":"BreadcrumbList","@id":"https:\/\/worklifeco.com\/book-vois\/#breadcrumb","itemListElement":[{"@type":"ListItem","position":1,"name":"Kezd\u0151lap","item":"https:\/\/worklifeco.com\/"},{"@type":"ListItem","position":2,"name":"Booking &#8211; VOIS"}]},{"@type":"WebSite","@id":"https:\/\/worklifeco.com\/#website","url":"https:\/\/worklifeco.com\/","name":"WorkLife - Dolgoz\u00f3i wellbeing","description":"","publisher":{"@id":"https:\/\/worklifeco.com\/#organization"},"potentialAction":[{"@type":"SearchAction","target":{"@type":"EntryPoint","urlTemplate":"https:\/\/worklifeco.com\/?s={search_term_string}"},"query-input":{"@type":"PropertyValueSpecification","valueRequired":true,"valueName":"search_term_string"}}],"inLanguage":"en-GB"},{"@type":"Organization","@id":"https:\/\/worklifeco.com\/#organization","name":"WorkLife","url":"https:\/\/worklifeco.com\/","logo":{"@type":"ImageObject","inLanguage":"en-GB","@id":"https:\/\/worklifeco.com\/#\/schema\/logo\/image\/","url":"https:\/\/worklifeco.com\/wp-content\/uploads\/worklife-logo-02.png","contentUrl":"https:\/\/worklifeco.com\/wp-content\/uploads\/worklife-logo-02.png","width":461,"height":110,"caption":"WorkLife"},"image":{"@id":"https:\/\/worklifeco.com\/#\/schema\/logo\/image\/"}}]}},"_links":{"self":[{"href":"https:\/\/worklifeco.com\/en\/wp-json\/wp\/v2\/pages\/5573","targetHints":{"allow":["GET"]}}],"collection":[{"href":"https:\/\/worklifeco.com\/en\/wp-json\/wp\/v2\/pages"}],"about":[{"href":"https:\/\/worklifeco.com\/en\/wp-json\/wp\/v2\/types\/page"}],"author":[{"embeddable":true,"href":"https:\/\/worklifeco.com\/en\/wp-json\/wp\/v2\/users\/1"}],"replies":[{"embeddable":true,"href":"https:\/\/worklifeco.com\/en\/wp-json\/wp\/v2\/comments?post=5573"}],"version-history":[{"count":28,"href":"https:\/\/worklifeco.com\/en\/wp-json\/wp\/v2\/pages\/5573\/revisions"}],"predecessor-version":[{"id":5629,"href":"https:\/\/worklifeco.com\/en\/wp-json\/wp\/v2\/pages\/5573\/revisions\/5629"}],"wp:attachment":[{"href":"https:\/\/worklifeco.com\/en\/wp-json\/wp\/v2\/media?parent=5573"}],"curies":[{"name":"wp","href":"https:\/\/api.w.org\/{rel}","templated":true}]}}