{"id":5796,"date":"2025-09-29T10:17:59","date_gmt":"2025-09-29T08:17:59","guid":{"rendered":"https:\/\/worklifeco.com\/?page_id=5796"},"modified":"2025-09-29T22:32:13","modified_gmt":"2025-09-29T20:32:13","slug":"auchan-szurovizsgalat-teszt","status":"publish","type":"page","link":"https:\/\/worklifeco.com\/en\/auchan-szurovizsgalat-teszt\/","title":{"rendered":"Auchan sz\u0171r\u0151vizsg\u00e1lat TESZT"},"content":{"rendered":"\t\t<div data-elementor-type=\"wp-page\" data-elementor-id=\"5796\" class=\"elementor elementor-5796\">\n\t\t\t\t\t\t<section class=\"elementor-section elementor-top-section elementor-element elementor-element-ac7befb elementor-section-stretched elementor-section-boxed elementor-section-height-default elementor-section-height-default\" data-id=\"ac7befb\" data-element_type=\"section\" data-e-type=\"section\" data-settings=\"{&quot;stretch_section&quot;:&quot;section-stretched&quot;,&quot;background_background&quot;:&quot;slideshow&quot;,&quot;background_slideshow_gallery&quot;:[{&quot;id&quot;:3708,&quot;url&quot;:&quot;https:\\\/\\\/essentials.pixfort.com\\\/seo-elementor\\\/wp-content\\\/uploads\\\/sites\\\/43\\\/2020\\\/11\\\/pattern-people-white.png&quot;}],&quot;background_slideshow_loop&quot;:&quot;yes&quot;,&quot;background_slideshow_slide_duration&quot;:5000,&quot;background_slideshow_slide_transition&quot;:&quot;fade&quot;,&quot;background_slideshow_transition_duration&quot;:500}\">\n\t\t\t\t\t\t\t<div class=\"elementor-background-overlay\"><\/div>\n\t\t\t\t\t\t\t<div class=\"elementor-container elementor-column-gap-default\">\n\t\t\t\t\t<div class=\"elementor-column elementor-col-100 elementor-top-column elementor-element elementor-element-1219c23\" data-id=\"1219c23\" data-element_type=\"column\" data-e-type=\"column\">\n\t\t\t<div class=\"elementor-widget-wrap elementor-element-populated\">\n\t\t\t\t\t\t<div class=\"elementor-element elementor-element-0c20ff9 elementor-widget elementor-widget-image\" data-id=\"0c20ff9\" data-element_type=\"widget\" data-e-type=\"widget\" data-widget_type=\"image.default\">\n\t\t\t\t<div class=\"elementor-widget-container\">\n\t\t\t\t\t\t\t\t\t\t\t\t\t\t\t<img fetchpriority=\"high\" decoding=\"async\" width=\"500\" height=\"281\" src=\"https:\/\/worklifeco.com\/wp-content\/uploads\/worklife-auchan.png\" class=\"attachment-full size-full wp-image-5738\" alt=\"\" srcset=\"https:\/\/worklifeco.com\/wp-content\/uploads\/worklife-auchan.png 500w, https:\/\/worklifeco.com\/wp-content\/uploads\/worklife-auchan-300x169.png 300w, https:\/\/worklifeco.com\/wp-content\/uploads\/worklife-auchan-18x10.png 18w\" sizes=\"(max-width: 500px) 100vw, 500px\" \/>\t\t\t\t\t\t\t\t\t\t\t\t\t\t\t<\/div>\n\t\t\t\t<\/div>\n\t\t\t\t<div class=\"elementor-element elementor-element-3581d01 elementor-widget elementor-widget-pix-highlighted-text\" data-id=\"3581d01\" data-element_type=\"widget\" data-e-type=\"widget\" data-no-translation=\"\" data-widget_type=\"pix-highlighted-text.default\">\n\t\t\t\t<div class=\"elementor-widget-container\">\n\t\t\t\t\t<style>.elementor-element-3581d01{display:none !important}<\/style>\t\t\t\t<\/div>\n\t\t\t\t<\/div>\n\t\t\t\t<div class=\"elementor-element elementor-element-02c7381 elementor-widget elementor-widget-stepbooking\" data-id=\"02c7381\" data-element_type=\"widget\" data-e-type=\"widget\" data-widget_type=\"stepbooking.default\">\n\t\t\t\t<div class=\"elementor-widget-container\">\n\t\t\t\t\t\n<script>\n  if (typeof hasAmeliaEntitiesApiCall === 'undefined' && ('' === '' && '' !== '1')) {\n    var hasAmeliaEntitiesApiCall = true;\n  }\n  var ameliaShortcodeData = (typeof ameliaShortcodeData === 'undefined') ? [] : ameliaShortcodeData;\n  ameliaShortcodeData.push(\n    {\n      'hasApiCall': (typeof hasAmeliaEntitiesApiCall !== 'undefined') && hasAmeliaEntitiesApiCall,\n      'trigger': '',\n      'trigger_type': '',\n      'triggered_form': 'sbsNew',\n      'in_dialog': '',\n      'show': '',\n      'counter': '1000',\n      'category': '18',\n      'service': '',\n      'employee': '',\n      'location': '',\n      'package': '',\n      'layout': '1',\n    }\n  );\n\n  var ameliaShortcodeDataTriggered = (typeof ameliaShortcodeDataTriggered === 'undefined') ? [] : ameliaShortcodeDataTriggered;\n  if (ameliaShortcodeData[ameliaShortcodeData.length - 1].trigger !== '') {\n    if (ameliaShortcodeDataTriggered.filter(a => a.counter === ameliaShortcodeData[ameliaShortcodeData.length - 1].counter).length === 0) {\n      ameliaShortcodeDataTriggered.push(ameliaShortcodeData.pop());\n    } else {\n      ameliaShortcodeData.pop()\n    }\n  }\n  if (typeof hasAmeliaEntitiesApiCall !== 'undefined' && hasAmeliaEntitiesApiCall) {\n    hasAmeliaEntitiesApiCall = false;\n  }\n<\/script>\n\n<div\n  id=\"amelia-v2-booking-1000\"\n  class=\"amelia-v2-booking\"\n >\n    <step-form-wrapper><\/step-form-wrapper><\/div>\n\t\t\t\t<\/div>\n\t\t\t\t<\/div>\n\t\t\t\t<div class=\"elementor-element elementor-element-7a43650 elementor-widget elementor-widget-image\" data-id=\"7a43650\" data-element_type=\"widget\" data-e-type=\"widget\" data-widget_type=\"image.default\">\n\t\t\t\t<div class=\"elementor-widget-container\">\n\t\t\t\t\t\t\t\t\t\t\t\t\t\t\t<img decoding=\"async\" width=\"285\" height=\"300\" src=\"https:\/\/worklifeco.com\/wp-content\/uploads\/feature-3-285x300.png\" class=\"attachment-medium size-medium wp-image-3588\" alt=\"\" srcset=\"https:\/\/worklifeco.com\/wp-content\/uploads\/feature-3-285x300.png 285w, https:\/\/worklifeco.com\/wp-content\/uploads\/feature-3.png 332w\" sizes=\"(max-width: 285px) 100vw, 285px\" \/>\t\t\t\t\t\t\t\t\t\t\t\t\t\t\t<\/div>\n\t\t\t\t<\/div>\n\t\t\t\t\t<\/div>\n\t\t<\/div>\n\t\t\t\t\t<\/div>\n\t\t<\/section>\n\t\t\t\t<section class=\"elementor-section elementor-top-section elementor-element elementor-element-8199c10 elementor-section-stretched elementor-section-boxed elementor-section-height-default elementor-section-height-default\" data-id=\"8199c10\" data-element_type=\"section\" data-e-type=\"section\" data-settings=\"{&quot;stretch_section&quot;:&quot;section-stretched&quot;,&quot;background_background&quot;:&quot;slideshow&quot;,&quot;background_slideshow_gallery&quot;:[{&quot;id&quot;:3708,&quot;url&quot;:&quot;https:\\\/\\\/essentials.pixfort.com\\\/seo-elementor\\\/wp-content\\\/uploads\\\/sites\\\/43\\\/2020\\\/11\\\/pattern-people-white.png&quot;}],&quot;background_slideshow_loop&quot;:&quot;yes&quot;,&quot;background_slideshow_slide_duration&quot;:5000,&quot;background_slideshow_slide_transition&quot;:&quot;fade&quot;,&quot;background_slideshow_transition_duration&quot;:500}\">\n\t\t\t\t\t\t\t<div class=\"elementor-background-overlay\"><\/div>\n\t\t\t\t\t\t\t<div class=\"elementor-container elementor-column-gap-default\">\n\t\t\t\t\t<div class=\"elementor-column elementor-col-100 elementor-top-column elementor-element elementor-element-3765644\" data-id=\"3765644\" data-element_type=\"column\" data-e-type=\"column\">\n\t\t\t<div class=\"elementor-widget-wrap elementor-element-populated\">\n\t\t\t\t\t\t<div class=\"elementor-element elementor-element-b064504 elementor-widget elementor-widget-text-editor\" data-id=\"b064504\" data-element_type=\"widget\" data-e-type=\"widget\" data-widget_type=\"text-editor.default\">\n\t\t\t\t<div class=\"elementor-widget-container\">\n\t\t\t\t\t\t\t\t\t<p>\u00a9 2024 Worklifeapp Zrt. | <a href=\"https:\/\/worklifeco.com\/adatvedelem\/\">Adatv\u00e9delmi nyilatkozat<\/a><\/p>\t\t\t\t\t\t\t\t<\/div>\n\t\t\t\t<\/div>\n\t\t\t\t\t<\/div>\n\t\t<\/div>\n\t\t\t\t\t<\/div>\n\t\t<\/section>\n\t\t\t\t<\/div>\n\t\t","protected":false},"excerpt":{"rendered":"<p>Jelentkez\u00e9s a 2025-\u00f6s \u00e1ruh\u00e1zi sz\u0171r\u0151vizsg\u00e1latokra \u00a9 2024 Worklifeapp Zrt. | Adatv\u00e9delmi nyilatkozat<\/p>","protected":false},"author":1,"featured_media":0,"parent":0,"menu_order":0,"comment_status":"closed","ping_status":"closed","template":"","meta":{"footnotes":""},"class_list":["post-5796","page","type-page","status-publish","hentry"],"yoast_head":"<!-- This site is optimized with the Yoast SEO plugin v27.5 - https:\/\/yoast.com\/product\/yoast-seo-wordpress\/ -->\n<title>Auchan sz\u0171r\u0151vizsg\u00e1lat TESZT - WorkLife - Dolgoz\u00f3i wellbeing<\/title>\n<meta name=\"robots\" content=\"index, follow, max-snippet:-1, max-image-preview:large, max-video-preview:-1\" \/>\n<link rel=\"canonical\" href=\"https:\/\/worklifeco.com\/en\/auchan-szurovizsgalat-teszt\/\" \/>\n<meta property=\"og:locale\" content=\"en_GB\" \/>\n<meta property=\"og:type\" content=\"article\" \/>\n<meta property=\"og:title\" content=\"Auchan sz\u0171r\u0151vizsg\u00e1lat TESZT - WorkLife - Dolgoz\u00f3i wellbeing\" \/>\n<meta property=\"og:description\" content=\"Jelentkez\u00e9s a 2025-\u00f6s \u00e1ruh\u00e1zi sz\u0171r\u0151vizsg\u00e1latokra \u00a9 2024 Worklifeapp Zrt. | Adatv\u00e9delmi nyilatkozat\" \/>\n<meta property=\"og:url\" content=\"https:\/\/worklifeco.com\/en\/auchan-szurovizsgalat-teszt\/\" \/>\n<meta property=\"og:site_name\" content=\"WorkLife - Dolgoz\u00f3i wellbeing\" \/>\n<meta property=\"article:modified_time\" content=\"2025-09-29T20:32:13+00:00\" \/>\n<meta property=\"og:image\" content=\"https:\/\/worklifeco.com\/wp-content\/uploads\/worklife-auchan.png\" \/>\n\t<meta property=\"og:image:width\" content=\"500\" \/>\n\t<meta property=\"og:image:height\" content=\"281\" \/>\n\t<meta property=\"og:image:type\" content=\"image\/png\" \/>\n<meta name=\"twitter:card\" content=\"summary_large_image\" \/>\n<meta name=\"twitter:label1\" content=\"Estimated reading time\" \/>\n\t<meta name=\"twitter:data1\" content=\"1 minute\" \/>\n<script type=\"application\/ld+json\" class=\"yoast-schema-graph\">{\"@context\":\"https:\\\/\\\/schema.org\",\"@graph\":[{\"@type\":\"WebPage\",\"@id\":\"https:\\\/\\\/worklifeco.com\\\/auchan-szurovizsgalat-teszt\\\/\",\"url\":\"https:\\\/\\\/worklifeco.com\\\/auchan-szurovizsgalat-teszt\\\/\",\"name\":\"Auchan sz\u0171r\u0151vizsg\u00e1lat TESZT - WorkLife - Dolgoz\u00f3i wellbeing\",\"isPartOf\":{\"@id\":\"https:\\\/\\\/worklifeco.com\\\/#website\"},\"primaryImageOfPage\":{\"@id\":\"https:\\\/\\\/worklifeco.com\\\/auchan-szurovizsgalat-teszt\\\/#primaryimage\"},\"image\":{\"@id\":\"https:\\\/\\\/worklifeco.com\\\/auchan-szurovizsgalat-teszt\\\/#primaryimage\"},\"thumbnailUrl\":\"https:\\\/\\\/worklifeco.com\\\/wp-content\\\/uploads\\\/worklife-auchan.png\",\"datePublished\":\"2025-09-29T08:17:59+00:00\",\"dateModified\":\"2025-09-29T20:32:13+00:00\",\"breadcrumb\":{\"@id\":\"https:\\\/\\\/worklifeco.com\\\/auchan-szurovizsgalat-teszt\\\/#breadcrumb\"},\"inLanguage\":\"en-GB\",\"potentialAction\":[{\"@type\":\"ReadAction\",\"target\":[\"https:\\\/\\\/worklifeco.com\\\/auchan-szurovizsgalat-teszt\\\/\"]}]},{\"@type\":\"ImageObject\",\"inLanguage\":\"en-GB\",\"@id\":\"https:\\\/\\\/worklifeco.com\\\/auchan-szurovizsgalat-teszt\\\/#primaryimage\",\"url\":\"https:\\\/\\\/worklifeco.com\\\/wp-content\\\/uploads\\\/worklife-auchan.png\",\"contentUrl\":\"https:\\\/\\\/worklifeco.com\\\/wp-content\\\/uploads\\\/worklife-auchan.png\"},{\"@type\":\"BreadcrumbList\",\"@id\":\"https:\\\/\\\/worklifeco.com\\\/auchan-szurovizsgalat-teszt\\\/#breadcrumb\",\"itemListElement\":[{\"@type\":\"ListItem\",\"position\":1,\"name\":\"Kezd\u0151lap\",\"item\":\"https:\\\/\\\/worklifeco.com\\\/\"},{\"@type\":\"ListItem\",\"position\":2,\"name\":\"Auchan sz\u0171r\u0151vizsg\u00e1lat TESZT\"}]},{\"@type\":\"WebSite\",\"@id\":\"https:\\\/\\\/worklifeco.com\\\/#website\",\"url\":\"https:\\\/\\\/worklifeco.com\\\/\",\"name\":\"WorkLife - Dolgoz\u00f3i wellbeing\",\"description\":\"\",\"publisher\":{\"@id\":\"https:\\\/\\\/worklifeco.com\\\/#organization\"},\"potentialAction\":[{\"@type\":\"SearchAction\",\"target\":{\"@type\":\"EntryPoint\",\"urlTemplate\":\"https:\\\/\\\/worklifeco.com\\\/?s={search_term_string}\"},\"query-input\":{\"@type\":\"PropertyValueSpecification\",\"valueRequired\":true,\"valueName\":\"search_term_string\"}}],\"inLanguage\":\"en-GB\"},{\"@type\":\"Organization\",\"@id\":\"https:\\\/\\\/worklifeco.com\\\/#organization\",\"name\":\"WorkLife\",\"url\":\"https:\\\/\\\/worklifeco.com\\\/\",\"logo\":{\"@type\":\"ImageObject\",\"inLanguage\":\"en-GB\",\"@id\":\"https:\\\/\\\/worklifeco.com\\\/#\\\/schema\\\/logo\\\/image\\\/\",\"url\":\"https:\\\/\\\/worklifeco.com\\\/wp-content\\\/uploads\\\/worklife-logo-02.png\",\"contentUrl\":\"https:\\\/\\\/worklifeco.com\\\/wp-content\\\/uploads\\\/worklife-logo-02.png\",\"width\":461,\"height\":110,\"caption\":\"WorkLife\"},\"image\":{\"@id\":\"https:\\\/\\\/worklifeco.com\\\/#\\\/schema\\\/logo\\\/image\\\/\"}}]}<\/script>\n<!-- \/ Yoast SEO plugin. -->","yoast_head_json":{"title":"Auchan sz\u0171r\u0151vizsg\u00e1lat TESZT - WorkLife - Dolgoz\u00f3i wellbeing","robots":{"index":"index","follow":"follow","max-snippet":"max-snippet:-1","max-image-preview":"max-image-preview:large","max-video-preview":"max-video-preview:-1"},"canonical":"https:\/\/worklifeco.com\/en\/auchan-szurovizsgalat-teszt\/","og_locale":"en_GB","og_type":"article","og_title":"Auchan sz\u0171r\u0151vizsg\u00e1lat TESZT - WorkLife - Dolgoz\u00f3i wellbeing","og_description":"Jelentkez\u00e9s a 2025-\u00f6s \u00e1ruh\u00e1zi sz\u0171r\u0151vizsg\u00e1latokra \u00a9 2024 Worklifeapp Zrt. | Adatv\u00e9delmi nyilatkozat","og_url":"https:\/\/worklifeco.com\/en\/auchan-szurovizsgalat-teszt\/","og_site_name":"WorkLife - Dolgoz\u00f3i wellbeing","article_modified_time":"2025-09-29T20:32:13+00:00","og_image":[{"width":500,"height":281,"url":"https:\/\/worklifeco.com\/wp-content\/uploads\/worklife-auchan.png","type":"image\/png"}],"twitter_card":"summary_large_image","twitter_misc":{"Estimated reading time":"1 minute"},"schema":{"@context":"https:\/\/schema.org","@graph":[{"@type":"WebPage","@id":"https:\/\/worklifeco.com\/auchan-szurovizsgalat-teszt\/","url":"https:\/\/worklifeco.com\/auchan-szurovizsgalat-teszt\/","name":"Auchan sz\u0171r\u0151vizsg\u00e1lat TESZT - WorkLife - Dolgoz\u00f3i wellbeing","isPartOf":{"@id":"https:\/\/worklifeco.com\/#website"},"primaryImageOfPage":{"@id":"https:\/\/worklifeco.com\/auchan-szurovizsgalat-teszt\/#primaryimage"},"image":{"@id":"https:\/\/worklifeco.com\/auchan-szurovizsgalat-teszt\/#primaryimage"},"thumbnailUrl":"https:\/\/worklifeco.com\/wp-content\/uploads\/worklife-auchan.png","datePublished":"2025-09-29T08:17:59+00:00","dateModified":"2025-09-29T20:32:13+00:00","breadcrumb":{"@id":"https:\/\/worklifeco.com\/auchan-szurovizsgalat-teszt\/#breadcrumb"},"inLanguage":"en-GB","potentialAction":[{"@type":"ReadAction","target":["https:\/\/worklifeco.com\/auchan-szurovizsgalat-teszt\/"]}]},{"@type":"ImageObject","inLanguage":"en-GB","@id":"https:\/\/worklifeco.com\/auchan-szurovizsgalat-teszt\/#primaryimage","url":"https:\/\/worklifeco.com\/wp-content\/uploads\/worklife-auchan.png","contentUrl":"https:\/\/worklifeco.com\/wp-content\/uploads\/worklife-auchan.png"},{"@type":"BreadcrumbList","@id":"https:\/\/worklifeco.com\/auchan-szurovizsgalat-teszt\/#breadcrumb","itemListElement":[{"@type":"ListItem","position":1,"name":"Kezd\u0151lap","item":"https:\/\/worklifeco.com\/"},{"@type":"ListItem","position":2,"name":"Auchan sz\u0171r\u0151vizsg\u00e1lat TESZT"}]},{"@type":"WebSite","@id":"https:\/\/worklifeco.com\/#website","url":"https:\/\/worklifeco.com\/","name":"WorkLife - Dolgoz\u00f3i wellbeing","description":"","publisher":{"@id":"https:\/\/worklifeco.com\/#organization"},"potentialAction":[{"@type":"SearchAction","target":{"@type":"EntryPoint","urlTemplate":"https:\/\/worklifeco.com\/?s={search_term_string}"},"query-input":{"@type":"PropertyValueSpecification","valueRequired":true,"valueName":"search_term_string"}}],"inLanguage":"en-GB"},{"@type":"Organization","@id":"https:\/\/worklifeco.com\/#organization","name":"WorkLife","url":"https:\/\/worklifeco.com\/","logo":{"@type":"ImageObject","inLanguage":"en-GB","@id":"https:\/\/worklifeco.com\/#\/schema\/logo\/image\/","url":"https:\/\/worklifeco.com\/wp-content\/uploads\/worklife-logo-02.png","contentUrl":"https:\/\/worklifeco.com\/wp-content\/uploads\/worklife-logo-02.png","width":461,"height":110,"caption":"WorkLife"},"image":{"@id":"https:\/\/worklifeco.com\/#\/schema\/logo\/image\/"}}]}},"_links":{"self":[{"href":"https:\/\/worklifeco.com\/en\/wp-json\/wp\/v2\/pages\/5796","targetHints":{"allow":["GET"]}}],"collection":[{"href":"https:\/\/worklifeco.com\/en\/wp-json\/wp\/v2\/pages"}],"about":[{"href":"https:\/\/worklifeco.com\/en\/wp-json\/wp\/v2\/types\/page"}],"author":[{"embeddable":true,"href":"https:\/\/worklifeco.com\/en\/wp-json\/wp\/v2\/users\/1"}],"replies":[{"embeddable":true,"href":"https:\/\/worklifeco.com\/en\/wp-json\/wp\/v2\/comments?post=5796"}],"version-history":[{"count":10,"href":"https:\/\/worklifeco.com\/en\/wp-json\/wp\/v2\/pages\/5796\/revisions"}],"predecessor-version":[{"id":5807,"href":"https:\/\/worklifeco.com\/en\/wp-json\/wp\/v2\/pages\/5796\/revisions\/5807"}],"wp:attachment":[{"href":"https:\/\/worklifeco.com\/en\/wp-json\/wp\/v2\/media?parent=5796"}],"curies":[{"name":"wp","href":"https:\/\/api.w.org\/{rel}","templated":true}]}}